{"id":96,"date":"2021-08-27T12:28:52","date_gmt":"2021-08-27T12:28:52","guid":{"rendered":"https:\/\/marinababkin.com\/?page_id=96"},"modified":"2021-09-24T12:47:03","modified_gmt":"2021-09-24T12:47:03","slug":"landing","status":"publish","type":"page","link":"https:\/\/marinababkin.com\/","title":{"rendered":"Landing(Fi)"},"content":{"rendered":"\n<p>Hei! Olen muotisuunnittelija Marina Babkina. Vaatebr\u00e4ndini Marina Babkin yhdistyv\u00e4t erinomainen suomalainen ompelulaatu ja upea ven\u00e4l\u00e4inen avantgarden muotoilu. Inspiraationi t\u00e4m\u00e4n vaatemalliston luomisessa on ollut sellaisten suurten mestareiden kuin Malevit\u0161in ja h\u00e4nen seuraajiensa avantgarde-taideteokset, jotka tasan 100 vuotta sitten ovat luoneet tulevaisuuden. Samalla tavalla vaatteeni edustavat aikaamme-ne ovat k\u00e4yt\u00e4nn\u00f6llisyytt\u00e4 ja laatua, unisex-vaatteita, jotka sopivat sek\u00e4 naisille ett\u00e4 miehille. Vaatteeni sopivat niin arkeen kuin juhlaan. Olen ylpe\u00e4 tuotemerkini Marina Babkinin julkaisusta ven\u00e4l\u00e4isess\u00e4 muotilehdess\u00e4 <a href=\"https:\/\/shopgo.ru\/arhiv\/04-21\" target=\"_blank\" rel=\"noreferrer noopener\">Shop &amp; Go<\/a>. T\u00e4m\u00e4 lehti antoi selkeimm\u00e4n kuvauksen br\u00e4ndist\u00e4ni &#8211; t\u00e4m\u00e4 on tulevaisuuden vaatteita.<\/p>\n\n\n\n<p><br>Opiskelin koko vuoden 2020 Moskovassa Fashion Academyassa Metrics alan parhaiden opettajilta Ven\u00e4j\u00e4ll\u00e4. Ja miten palkinto osallistui vaatteidensa esittelyyn\u00a0<\/p>\n","protected":false},"excerpt":{"rendered":"<p>Hei! Olen muotisuunnittelija Marina Babkina. Vaatebr\u00e4ndini Marina Babkin yhdistyv\u00e4t erinomainen suomalainen ompelulaatu ja upea ven\u00e4l\u00e4inen avantgarden muotoilu. Inspiraationi t\u00e4m\u00e4n vaatemalliston luomisessa on ollut sellaisten suurten mestareiden kuin Malevit\u0161in ja h\u00e4nen seuraajiensa avantgarde-taideteokset, jotka tasan 100 vuotta sitten ovat luoneet tulevaisuuden. Samalla tavalla vaatteeni edustavat aikaamme-ne ovat k\u00e4yt\u00e4nn\u00f6llisyytt\u00e4 ja laatua, unisex-vaatteita, jotka sopivat sek\u00e4 naisille ett\u00e4 [&hellip;]<\/p>\n","protected":false},"author":2,"featured_media":0,"parent":0,"menu_order":0,"comment_status":"closed","ping_status":"closed","template":"landing.php","meta":{"_locale":"fi","_original_post":"https:\/\/marinababkin.com\/?page_id=49","footnotes":""},"class_list":["post-96","page","type-page","status-publish","hentry","fi"],"_links":{"self":[{"href":"https:\/\/marinababkin.com\/wp-json\/wp\/v2\/pages\/96","targetHints":{"allow":["GET"]}}],"collection":[{"href":"https:\/\/marinababkin.com\/wp-json\/wp\/v2\/pages"}],"about":[{"href":"https:\/\/marinababkin.com\/wp-json\/wp\/v2\/types\/page"}],"author":[{"embeddable":true,"href":"https:\/\/marinababkin.com\/wp-json\/wp\/v2\/users\/2"}],"replies":[{"embeddable":true,"href":"https:\/\/marinababkin.com\/wp-json\/wp\/v2\/comments?post=96"}],"version-history":[{"count":6,"href":"https:\/\/marinababkin.com\/wp-json\/wp\/v2\/pages\/96\/revisions"}],"predecessor-version":[{"id":133,"href":"https:\/\/marinababkin.com\/wp-json\/wp\/v2\/pages\/96\/revisions\/133"}],"wp:attachment":[{"href":"https:\/\/marinababkin.com\/wp-json\/wp\/v2\/media?parent=96"}],"curies":[{"name":"wp","href":"https:\/\/api.w.org\/{rel}","templated":true}]}}